{"id":5759,"date":"2026-04-23T09:00:37","date_gmt":"2026-04-23T08:00:37","guid":{"rendered":"https:\/\/dacc.diocesisgetafe.es\/?page_id=5759"},"modified":"2026-04-23T10:13:44","modified_gmt":"2026-04-23T09:13:44","slug":"catequistas-de-catecumenado-de-adultos","status":"publish","type":"page","link":"https:\/\/dacc.diocesisgetafe.es\/index.php\/catequistas-de-catecumenado-de-adultos\/","title":{"rendered":"Catequistas de Catecumenado de Adultos"},"content":{"rendered":"<div data-colibri-id=\"5759-c1\" class=\"style-2205 style-local-5759-c1 position-relative\">\n  <!---->\n  <div data-colibri-component=\"section\" data-colibri-id=\"5759-c2\" id=\"content\" class=\"h-section h-section-global-spacing d-flex align-items-lg-center align-items-md-center align-items-center style-2206 style-local-5759-c2 position-relative\">\n    <!---->\n    <!---->\n    <div class=\"h-section-grid-container h-section-boxed-container\">\n      <div data-colibri-id=\"5759-c19\" class=\"h-row-container gutters-row-lg-2 gutters-row-md-2 gutters-row-2 gutters-row-v-lg-2 gutters-row-v-md-2 gutters-row-v-2 style-2215 style-local-5759-c19 position-relative\">\n        <!---->\n        <div class=\"h-row justify-content-lg-center justify-content-md-center justify-content-center align-items-lg-stretch align-items-md-stretch align-items-stretch gutters-col-lg-2 gutters-col-md-2 gutters-col-2 gutters-col-v-lg-2 gutters-col-v-md-2 gutters-col-v-2\">\n          <!---->\n          <div class=\"h-column h-column-container d-flex h-col-lg-auto h-col-md-auto h-col-auto style-2216-outer style-local-5759-c20-outer\">\n            <div data-colibri-id=\"5759-c20\" class=\"d-flex h-flex-basis h-column__inner h-px-lg-2 h-px-md-2 h-px-0 v-inner-lg-2 v-inner-md-2 v-inner-0 style-2216 style-local-5759-c20 position-relative\">\n              <!---->\n              <!---->\n              <div class=\"w-100 h-y-container h-column__content h-column__v-align flex-basis-100 align-self-lg-start align-self-md-start align-self-start\">\n                <!---->\n                <div data-colibri-id=\"5759-c21\" class=\"h-global-transition-all h-heading style-2217 style-local-5759-c21 position-relative h-element\">\n                  <!---->\n                  <div class=\"h-heading__outer style-2217 style-local-5759-c21\">\n                    <!---->\n                    <!---->\n                    <h2 class=\"\">Formaci\u00f3n de\n                      <br>Catequistas del Catecumenado de Adultos<\/h2>\n                  <\/div>\n                <\/div>\n                <div data-colibri-id=\"5759-c22\" class=\"h-lead h-text h-text-component style-2218 style-local-5759-c22 position-relative h-element\">\n                  <!---->\n                  <!---->\n                  <div class=\"\">\n                    <p>El Domingo de Ramos tenemos un encuentro de los elegidos que se bautizar\u00e1n en la Vigilia Pascual, sus catequistas y padrinos con el Obispo.\n                      <br>Despu\u00e9s los catequistas reciben formaci\u00f3n espec\u00edfica acerca de su misi\u00f3n.\n                      <br>aqu\u00ed os la dejamos\n                      <br>\n                      <br>\n                    <\/p>\n                  <\/div>\n                <\/div>\n              <\/div>\n            <\/div>\n          <\/div>\n        <\/div>\n      <\/div>\n      <div data-colibri-id=\"5759-c3\" class=\"h-row-container gutters-row-lg-2 gutters-row-md-2 gutters-row-2 gutters-row-v-lg-2 gutters-row-v-md-2 gutters-row-v-2 style-2207 style-local-5759-c3 position-relative\">\n        <!---->\n        <div class=\"h-row justify-content-lg-center justify-content-md-center justify-content-center align-items-lg-stretch align-items-md-stretch align-items-stretch gutters-col-lg-2 gutters-col-md-2 gutters-col-2 gutters-col-v-lg-2 gutters-col-v-md-2 gutters-col-v-2\">\n          <!---->\n          <div class=\"h-column h-column-container d-flex h-col-lg-4 h-col-md-4 h-col-12 style-2208-outer style-local-5759-c4-outer\">\n            <div data-colibri-id=\"5759-c4\" class=\"d-flex h-flex-basis h-column__inner h-px-lg-2 h-px-md-0 h-px-2 v-inner-lg-2 v-inner-md-0 v-inner-2 style-2208 style-local-5759-c4 position-relative\">\n              <!---->\n              <!---->\n              <div class=\"w-100 h-y-container h-column__content h-column__v-align flex-basis-100 align-self-lg-start align-self-md-start align-self-start\">\n                <!---->\n                <div data-colibri-id=\"5759-c5\" class=\"h-icon style-2209 style-local-5759-c5 position-relative h-element\">\n                  <!---->\n                  <a href=\"https:\/\/www.youtube.com\/watch?v=xhArgOraIVU\" target=\"_blank\" h-use-smooth-scroll=\"true\"><span class=\"h-svg-icon h-icon__icon style-2209-icon style-local-5759-c5-icon\"><!--Icon by Font Awesome (https:\/\/fontawesome.com)-->\n    <svg version=\"1.1\" xmlns=\"http:\/\/www.w3.org\/2000\/svg\" xmlns:xlink=\"http:\/\/www.w3.org\/1999\/xlink\" id=\"bullhorn\" viewBox=\"0 0 1792 1896.0833\">\n      <path d=\"M1664 640q53 0 90.5 37.5T1792 768t-37.5 90.5T1664 896v384q0 52-38 90t-90 38q-417-347-812-380-58 19-91 66t-31 100.5 40 92.5q-20 33-23 65.5t6 58 33.5 55 48 50T768 1566q-29 58-111.5 83T488 1660.5 356 1605q-7-23-29.5-87.5t-32-94.5-23-89-15-101 3.5-98.5 22-110.5H160q-66 0-113-47T0 864V672q0-66 47-113t113-47h480q435 0 896-384 52 0 90 38t38 90v384zm-128 604V290q-394 302-768 343v270q377 42 768 341z\"><\/path>\n    <\/svg><\/span><\/a>\n                <\/div>\n                <div data-colibri-id=\"5759-c6\" class=\"h-global-transition-all h-heading style-2210 style-local-5759-c6 position-relative h-element\">\n                  <!---->\n                  <div class=\"h-heading__outer style-2210 style-local-5759-c6\">\n                    <!---->\n                    <!---->\n                    <h4 class=\"\">PRIMER ANUNCIO Y CATECUMENDO<\/h4>\n                  <\/div>\n                <\/div>\n                <div data-colibri-id=\"5759-c7\" class=\"h-text h-text-component style-2211 style-local-5759-c7 position-relative h-element\">\n                  <!---->\n                  <!---->\n                  <div class=\"\">\n                    <p>Domingo de Ramos de 2024<\/p>\n                  <\/div>\n                <\/div>\n              <\/div>\n            <\/div>\n          <\/div>\n          <div class=\"h-column h-column-container d-flex h-col-lg-4 h-col-md-4 h-col-12 style-2208-outer style-local-5759-c8-outer\">\n            <div data-colibri-id=\"5759-c8\" class=\"d-flex h-flex-basis h-column__inner h-px-lg-2 h-px-md-0 h-px-2 v-inner-lg-2 v-inner-md-0 v-inner-2 style-2208 style-local-5759-c8 position-relative\">\n              <!---->\n              <!---->\n              <div class=\"w-100 h-y-container h-column__content h-column__v-align flex-basis-100 align-self-lg-start align-self-md-start align-self-start\">\n                <!---->\n                <div data-colibri-id=\"5759-c9\" class=\"h-icon style-2209 style-local-5759-c9 position-relative h-element\">\n                  <!----><span class=\"h-svg-icon h-icon__icon style-2209-icon style-local-5759-c9-icon\"><!--Icon by Icons8 Line Awesome (https:\/\/icons8.com\/line-awesome)--><svg version=\"1.1\" xmlns=\"http:\/\/www.w3.org\/2000\/svg\" xmlns:xlink=\"http:\/\/www.w3.org\/1999\/xlink\" id=\"certificate\" viewBox=\"0 0 512 545.5\"><path d=\"M256 80c9.983 0 19.968 3.405 28.5 9.5L311 108l30 4h.5c21.032 2.554 37.638 19.561 40.5 40.5.053.387.457.61.5 1h-.5l6 30 18.5 26.5c12.19 17.064 11.676 39.618.5 57.5v.5l-.5.5L388 295l-4 30 50 76 16.5 24.5H374l-18.5 43L344 496l-16.5-25-50.5-76c-13.095 6.064-28.457 5.585-42 0l-50.5 76-16.5 25-11.5-27.5-18.5-43H61.5L78 401l51.5-78.5-5-27.5-19-26.5c-12.19-17.064-11.676-40.118-.5-58v-.5l.5-.5 18.5-24 4-31v-.5l.5-.5c4.534-20.402 20.598-36.466 41-41l.5-.5h.5l30.5-4 26.5-18.5c8.532-6.095 18.517-9.5 28.5-9.5zm0 32.5c-3.666 0-7.332 1.095-10 3L217.5 136l-3.5 2.5-4 .5-33.5 4.5c-.247.055-.257.438-.5.5-7.79 2.005-13.995 8.21-16 16-.063.243-.445.253-.5.5L155 194l-.5 4.5-2.5 3-20 26c-4.824 7.72-4.31 17.165-.5 22.5l20.5 28.5 2.5 3 .5 4 6.5 36.5v1c.246 2.212 1.006 4.255 2 6 2.224 3.903 6.053 6.45 11 7h.5l35 5 4.5.5 3 2.5 26 20c7.72 4.824 17.165 4.31 22.5.5l28.5-20.5 3-2.5 4-.5 36.5-6.5h1c4.002-.444 7.192-2.272 9.5-5v-.5l1-.5c1.337-1.955 2.207-4.365 2.5-7v-.5l5-35 .5-4 2.5-3.5 20-28c4.824-7.72 4.31-16.665.5-22L360 200l-2.5-3-.5-3.5-6.5-35.5v-1c-.796-7.16-5.84-12.204-13-13h-.5l-35-5-4-.5-3.5-2.5-28.5-20.5c-2.668-1.905-6.334-3-10-3zM366.5 356c-6.544 5.165-14.402 8.824-23 10-.387.053-.61.457-1 .5v-.5l-31.5 5.5-7.5 5.5 34 52 11-25.5 4-10H391zm-221 .5l-24.5 37h38.5l4 10 11 25.5 34-51.5-7-5.5-30.5-4c-.157-.018-.343.02-.5 0-9.517-1.155-18.16-5.4-25-11.5z\"><\/path><\/svg><\/span><\/div>\n                <div\n                  data-colibri-id=\"5759-c10\" class=\"h-global-transition-all h-heading style-2210 style-local-5759-c10 position-relative h-element\">\n                  <!---->\n                  <div class=\"h-heading__outer style-2210 style-local-5759-c10\">\n                    <!---->\n                    <!---->\n                    <h4 class=\"\">(pr\u00f3ximamente)<\/h4>\n                  <\/div>\n              <\/div>\n              <div data-colibri-id=\"5759-c11\" class=\"h-text h-text-component style-2211 style-local-5759-c11 position-relative h-element\">\n                <!---->\n                <!---->\n                <div class=\"\">\n                  <p>Domingo de Ramos de 2025<\/p>\n                <\/div>\n              <\/div>\n            <\/div>\n          <\/div>\n        <\/div>\n        <div class=\"h-column h-column-container d-flex h-col-lg-4 h-col-md-4 h-col-12 style-2208-outer style-local-5759-c12-outer\">\n          <div data-colibri-id=\"5759-c12\" class=\"d-flex h-flex-basis h-column__inner h-px-lg-2 h-px-md-0 h-px-2 v-inner-lg-2 v-inner-md-0 v-inner-2 style-2208 style-local-5759-c12 position-relative\">\n            <!---->\n            <!---->\n            <div class=\"w-100 h-y-container h-column__content h-column__v-align flex-basis-100 align-self-lg-start align-self-md-start align-self-start\">\n              <!---->\n              <div data-colibri-id=\"5759-c13\" class=\"h-icon style-2209 style-local-5759-c13 position-relative h-element\">\n                <!----><span class=\"h-svg-icon h-icon__icon style-2209-icon style-local-5759-c13-icon\"><!--Icon by Font Awesome (https:\/\/fontawesome.com)-->\n    <svg version=\"1.1\" xmlns=\"http:\/\/www.w3.org\/2000\/svg\" xmlns:xlink=\"http:\/\/www.w3.org\/1999\/xlink\" id=\"users\" viewBox=\"0 0 1920 1896.0833\">\n      <path d=\"M593 896q-162 5-265 128H194q-82 0-138-40.5T0 865q0-353 124-353 6 0 43.5 21t97.5 42.5T384 597q67 0 133-23-5 37-5 66 0 139 81 256zm1071 637q0 120-73 189.5t-194 69.5H523q-121 0-194-69.5T256 1533q0-53 3.5-103.5t14-109T300 1212t43-97.5 62-81 85.5-53.5T602 960q10 0 43 21.5t73 48 107 48 135 21.5 135-21.5 107-48 73-48 43-21.5q61 0 111.5 20t85.5 53.5 62 81 43 97.5 26.5 108.5 14 109 3.5 103.5zM640 256q0 106-75 181t-181 75-181-75-75-181 75-181T384 0t181 75 75 181zm704 384q0 159-112.5 271.5T960 1024 688.5 911.5 576 640t112.5-271.5T960 256t271.5 112.5T1344 640zm576 225q0 78-56 118.5t-138 40.5h-134q-103-123-265-128 81-117 81-256 0-29-5-66 66 23 133 23 59 0 119-21.5t97.5-42.5 43.5-21q124 0 124 353zm-128-609q0 106-75 181t-181 75-181-75-75-181 75-181 181-75 181 75 75 181z\"><\/path>\n    <\/svg><\/span><\/div>\n              <div data-colibri-id=\"5759-c14\" class=\"h-global-transition-all h-heading style-2210 style-local-5759-c14 position-relative h-element\">\n                <!---->\n                <div class=\"h-heading__outer style-2210 style-local-5759-c14\">\n                  <!---->\n                  <!---->\n                  <h4 class=\"\">LA COMUNIDAD ECLESIAL EN EL PROCESO DEL CATECUMENDO<\/h4>\n                <\/div>\n              <\/div>\n              <div data-colibri-id=\"5759-c15\" class=\"h-text h-text-component style-2211 style-local-5759-c15 position-relative h-element\">\n                <!---->\n                <!---->\n                <div class=\"\">\n                  <p>Domingo de Ramos de 2026<\/p>\n                  <p>(enlace pr\u00f3ximamente)<\/p>\n                <\/div>\n              <\/div>\n            <\/div>\n          <\/div>\n        <\/div>\n      <\/div>\n    <\/div>\n    <div data-colibri-id=\"5759-c16\" class=\"h-row-container gutters-row-lg-2 gutters-row-md-2 gutters-row-2 gutters-row-v-lg-2 gutters-row-v-md-2 gutters-row-v-2 style-2212 style-local-5759-c16 position-relative\">\n      <!---->\n      <div class=\"h-row justify-content-lg-center justify-content-md-center justify-content-center align-items-lg-stretch align-items-md-stretch align-items-stretch gutters-col-lg-2 gutters-col-md-2 gutters-col-2 gutters-col-v-lg-2 gutters-col-v-md-2 gutters-col-v-2\">\n        <!---->\n        <div class=\"h-column h-column-container d-flex h-col-lg-auto h-col-md-auto h-col-auto style-2213-outer style-local-5759-c17-outer\">\n          <div data-colibri-id=\"5759-c17\" class=\"d-flex h-flex-basis h-column__inner h-px-lg-0 h-px-md-0 h-px-0 v-inner-lg-0 v-inner-md-0 v-inner-0 style-2213 style-local-5759-c17 position-relative\">\n            <!---->\n            <!---->\n            <div class=\"w-100 h-y-container h-column__content h-column__v-align flex-basis-100 align-self-lg-start align-self-md-start align-self-start\">\n              <!---->\n              <div data-colibri-id=\"5759-c18\" class=\"d-block style-2214 style-local-5759-c18 position-relative h-element\">\n                <!---->\n                <div class=\"h-image__frame-container-outer\">\n                  <div class=\"h-image__frame-container\">\n                    <!---->\n                    <!---->\n                    <img loading=\"lazy\" decoding=\"async\" width=\"2048\" height=\"1121\" src=\"https:\/\/dacc.diocesisgetafe.es\/wp-content\/uploads\/2026\/04\/Bautizados-2026-catedral.jpeg\" class=\"wp-image-5763 style-2214-image style-local-5759-c18-image\" alt=\"\" srcset=\"https:\/\/dacc.diocesisgetafe.es\/wp-content\/uploads\/2026\/04\/Bautizados-2026-catedral.jpeg 2048w, https:\/\/dacc.diocesisgetafe.es\/wp-content\/uploads\/2026\/04\/Bautizados-2026-catedral-300x164.jpeg 300w, https:\/\/dacc.diocesisgetafe.es\/wp-content\/uploads\/2026\/04\/Bautizados-2026-catedral-1024x561.jpeg 1024w, https:\/\/dacc.diocesisgetafe.es\/wp-content\/uploads\/2026\/04\/Bautizados-2026-catedral-768x420.jpeg 768w, https:\/\/dacc.diocesisgetafe.es\/wp-content\/uploads\/2026\/04\/Bautizados-2026-catedral-1536x841.jpeg 1536w\" sizes=\"auto, (max-width: 2048px) 100vw, 2048px\" \/>\n                    <div class=\"h-image__frame h-hide-lg h-hide-md h-hide-sm style-2214-frameImage style-local-5759-c18-frameImage\"><\/div>\n                  <\/div>\n                <\/div>\n              <\/div>\n            <\/div>\n          <\/div>\n        <\/div>\n      <\/div>\n    <\/div>\n  <\/div>\n<\/div>\n<\/div>","protected":false},"excerpt":{"rendered":"<p>Formaci\u00f3n de Catequistas del Catecumenado de Adultos El Domingo de Ramos tenemos un encuentro de los elegidos que se bautizar\u00e1n en la Vigilia Pascual, sus catequistas y padrinos con el Obispo. Despu\u00e9s los catequistas reciben formaci\u00f3n espec\u00edfica acerca de su misi\u00f3n. aqu\u00ed os la dejamos PRIMER ANUNCIO Y CATECUMENDO Domingo de Ramos de 2024 (pr\u00f3ximamente) [&hellip;]<\/p>\n","protected":false},"author":3,"featured_media":0,"parent":0,"menu_order":0,"comment_status":"closed","ping_status":"closed","template":"page-templates\/full-width-page.php","meta":{"_bbp_topic_count":0,"_bbp_reply_count":0,"_bbp_total_topic_count":0,"_bbp_total_reply_count":0,"_bbp_voice_count":0,"_bbp_anonymous_reply_count":0,"_bbp_topic_count_hidden":0,"_bbp_reply_count_hidden":0,"_bbp_forum_subforum_count":0,"footnotes":""},"class_list":["post-5759","page","type-page","status-publish","hentry"],"_links":{"self":[{"href":"https:\/\/dacc.diocesisgetafe.es\/index.php\/wp-json\/wp\/v2\/pages\/5759","targetHints":{"allow":["GET"]}}],"collection":[{"href":"https:\/\/dacc.diocesisgetafe.es\/index.php\/wp-json\/wp\/v2\/pages"}],"about":[{"href":"https:\/\/dacc.diocesisgetafe.es\/index.php\/wp-json\/wp\/v2\/types\/page"}],"author":[{"embeddable":true,"href":"https:\/\/dacc.diocesisgetafe.es\/index.php\/wp-json\/wp\/v2\/users\/3"}],"replies":[{"embeddable":true,"href":"https:\/\/dacc.diocesisgetafe.es\/index.php\/wp-json\/wp\/v2\/comments?post=5759"}],"version-history":[{"count":5,"href":"https:\/\/dacc.diocesisgetafe.es\/index.php\/wp-json\/wp\/v2\/pages\/5759\/revisions"}],"predecessor-version":[{"id":5794,"href":"https:\/\/dacc.diocesisgetafe.es\/index.php\/wp-json\/wp\/v2\/pages\/5759\/revisions\/5794"}],"wp:attachment":[{"href":"https:\/\/dacc.diocesisgetafe.es\/index.php\/wp-json\/wp\/v2\/media?parent=5759"}],"curies":[{"name":"wp","href":"https:\/\/api.w.org\/{rel}","templated":true}]}}