{"id":208,"date":"2022-03-23T18:46:55","date_gmt":"2022-03-23T17:46:55","guid":{"rendered":"https:\/\/dacc.diocesisgetafe.es\/?page_id=208"},"modified":"2025-12-28T23:23:28","modified_gmt":"2025-12-28T22:23:28","slug":"discipulado","status":"publish","type":"page","link":"https:\/\/dacc.diocesisgetafe.es\/index.php\/discipulado\/","title":{"rendered":"Discipulado"},"content":{"rendered":"<div data-colibri-id=\"208-c1\" class=\"style-769 style-local-208-c1 position-relative\">\r\n  <!---->\r\n  <div data-colibri-component=\"section\" data-colibri-id=\"208-c2\" id=\"reusable-sections\" class=\"h-section h-section-global-spacing d-flex align-items-lg-center align-items-md-center align-items-center style-770 style-local-208-c2 position-relative\">\r\n    <div class=\"background-wrapper\">\r\n      <div class=\"background-layer background-layer-media-container-lg\">\r\n        <!---->\r\n        <div class=\"overlay-layer\">\r\n          <div class=\"overlay-image-layer\" style=\"background-color: rgb(0, 0, 0); opacity: 0.37;\"><\/div>\r\n        <\/div>\r\n      <\/div>\r\n      <div class=\"background-layer background-layer-media-container-md\">\r\n        <!---->\r\n        <div class=\"overlay-layer\">\r\n          <div class=\"overlay-image-layer\" style=\"background-color: rgb(0, 0, 0); opacity: 0.37;\"><\/div>\r\n        <\/div>\r\n      <\/div>\r\n      <div class=\"background-layer background-layer-media-container\">\r\n        <!---->\r\n        <div class=\"overlay-layer\">\r\n          <div class=\"overlay-image-layer\" style=\"background-color: rgb(0, 0, 0); opacity: 0.37;\"><\/div>\r\n        <\/div>\r\n      <\/div>\r\n    <\/div>\r\n    <!---->\r\n    <div class=\"h-section-grid-container h-section-boxed-container\">\r\n      <!---->\r\n      <div data-colibri-id=\"208-c3\" class=\"h-row-container gutters-row-lg-2 gutters-row-md-2 gutters-row-2 gutters-row-v-lg-2 gutters-row-v-md-2 gutters-row-v-2 style-771 style-local-208-c3 position-relative\">\r\n        <!---->\r\n        <div class=\"h-row justify-content-lg-end justify-content-md-end justify-content-end align-items-lg-stretch align-items-md-stretch align-items-stretch gutters-col-lg-2 gutters-col-md-2 gutters-col-2 gutters-col-v-lg-2 gutters-col-v-md-2 gutters-col-v-2\">\r\n          <!---->\r\n          <div class=\"h-column h-column-container d-flex h-col-lg-auto h-col-md-auto h-col-auto style-772-outer style-local-208-c4-outer\">\r\n            <div data-colibri-id=\"208-c4\" class=\"d-flex h-flex-basis h-column__inner h-px-lg-0 h-px-md-0 h-px-0 v-inner-lg-0 v-inner-md-0 v-inner-0 style-772 style-local-208-c4 position-relative\">\r\n              <!---->\r\n              <!---->\r\n              <div class=\"w-100 h-y-container h-column__content h-column__v-align flex-basis-100 align-self-lg-center align-self-md-center align-self-center\">\r\n                <!---->\r\n                <div data-colibri-id=\"208-c5\" class=\"h-global-transition-all h-heading style-773 style-local-208-c5 position-relative h-element\">\r\n                  <!---->\r\n                  <div class=\"h-heading__outer style-773 style-local-208-c5\">\r\n                    <!---->\r\n                    <!---->\r\n                    <h6 class=\"\"><strong style=\"font-weight: 700; font-size: 139%; color: rgb(59, 114, 184);\">\u00c1rea de DISCIPULADO<br><\/strong><span style=\"font-weight: 300;\">delegaci\u00f3n de anuncio, Catecumenado y catequesis<\/span><\/h6>\r\n                  <\/div>\r\n                <\/div>\r\n                <div data-colibri-id=\"208-c6\" class=\"h-global-transition-all h-heading style-774 style-local-208-c6 position-relative h-element\">\r\n                  <!---->\r\n                  <div class=\"h-heading__outer style-774 style-local-208-c6\">\r\n                    <!---->\r\n                    <!---->\r\n                    <h2 class=\"\"><strong style=\"font-size: 77%; color: rgb(246, 97, 66);\">Est\u00e1 dirigido a todos aquellos que han recibido un primer anuncio y ahora quieren continuar el camino de la fe&nbsp;<\/strong><strong><br><\/strong><\/h2>\r\n                  <\/div>\r\n                <\/div>\r\n              <\/div>\r\n            <\/div>\r\n          <\/div>\r\n        <\/div>\r\n      <\/div>\r\n    <\/div>\r\n  <\/div>\r\n  <div data-colibri-component=\"section\" data-colibri-id=\"208-c11\" id=\"reusable-sections-3\" class=\"h-section h-section-global-spacing d-flex align-items-lg-center align-items-md-center align-items-center style-2122 style-local-208-c11 position-relative\">\r\n    <!---->\r\n    <!---->\r\n    <div class=\"h-section-grid-container h-section-boxed-container\">\r\n      <div data-colibri-id=\"208-c17\" class=\"h-row-container gutters-row-lg-0 gutters-row-md-0 gutters-row-0 gutters-row-v-lg-0 gutters-row-v-md-0 gutters-row-v-0 style-2128 style-local-208-c17 position-relative\">\r\n        <!---->\r\n        <div class=\"h-row justify-content-lg-center justify-content-md-center justify-content-center align-items-lg-stretch align-items-md-stretch align-items-stretch gutters-col-lg-0 gutters-col-md-0 gutters-col-0 gutters-col-v-lg-0 gutters-col-v-md-0 gutters-col-v-0\">\r\n          <!---->\r\n          <div class=\"h-column h-column-container d-flex h-col-lg-auto h-col-md-auto h-col-auto style-2129-outer style-local-208-c18-outer\">\r\n            <div data-colibri-id=\"208-c18\" class=\"d-flex h-flex-basis h-column__inner h-px-lg-2 h-px-md-2 h-px-2 v-inner-lg-2 v-inner-md-2 v-inner-2 style-2129 style-local-208-c18 position-relative\">\r\n              <!---->\r\n              <!---->\r\n              <div class=\"w-100 h-y-container h-column__content h-column__v-align flex-basis-100 align-self-lg-start align-self-md-start align-self-start\">\r\n                <!---->\r\n                <div data-colibri-id=\"208-c19\" class=\"h-global-transition-all h-heading style-2130 style-local-208-c19 position-relative h-element\">\r\n                  <!---->\r\n                  <div class=\"h-heading__outer style-2130 style-local-208-c19\">\r\n                    <!---->\r\n                    <!---->\r\n                    <h2 class=\"\"><span style=\"font-size: 66%;\">Responsable del \u00c1rea de <\/span><span style=\"font-size: 66%; color: rgb(246, 97, 66);\">Discipulado<\/span><\/h2>\r\n                  <\/div>\r\n                <\/div>\r\n              <\/div>\r\n            <\/div>\r\n          <\/div>\r\n        <\/div>\r\n      <\/div>\r\n      <div data-colibri-id=\"208-c12\" class=\"h-row-container gutters-row-lg-0 gutters-row-md-0 gutters-row-0 gutters-row-v-lg-0 gutters-row-v-md-0 gutters-row-v-0 style-2123 style-local-208-c12 position-relative\">\r\n        <!---->\r\n        <div class=\"h-row justify-content-lg-center justify-content-md-center justify-content-center align-items-lg-stretch align-items-md-stretch align-items-stretch gutters-col-lg-0 gutters-col-md-0 gutters-col-0 gutters-col-v-lg-0 gutters-col-v-md-0 gutters-col-v-0\">\r\n          <!---->\r\n          <div class=\"h-column h-column-container d-flex h-col-lg-3 h-col-md-6 h-col-12 style-2124-outer style-local-208-c13-outer\">\r\n            <div data-colibri-id=\"208-c13\" class=\"d-flex h-flex-basis h-column__inner h-px-lg-0 h-px-md-0 h-px-0 v-inner-lg-0 v-inner-md-0 v-inner-0 style-2124 style-local-208-c13 position-relative\">\r\n              <!---->\r\n              <!---->\r\n              <div class=\"w-100 h-y-container h-column__content h-column__v-align flex-basis-100 align-self-lg-start align-self-md-start align-self-start\">\r\n                <!---->\r\n                <div data-colibri-id=\"208-c14\" class=\"d-block style-2125 style-local-208-c14 position-relative h-element\">\r\n                  <!---->\r\n                  <div class=\"h-image__frame-container-outer\">\r\n                    <div class=\"h-image__frame-container\">\r\n                      <!---->\r\n                      <!---->\r\n                      <img loading=\"lazy\" decoding=\"async\" width=\"1247\" height=\"1247\" src=\"https:\/\/dacc.diocesisgetafe.es\/wp-content\/uploads\/2025\/10\/cropped-Beatriz-Martin-Parras.jpg\" class=\"wp-image-5056 style-2125-image style-local-208-c14-image\" alt=\"\" srcset=\"https:\/\/dacc.diocesisgetafe.es\/wp-content\/uploads\/2025\/10\/cropped-Beatriz-Martin-Parras.jpg 1247w, https:\/\/dacc.diocesisgetafe.es\/wp-content\/uploads\/2025\/10\/cropped-Beatriz-Martin-Parras-300x300.jpg 300w, https:\/\/dacc.diocesisgetafe.es\/wp-content\/uploads\/2025\/10\/cropped-Beatriz-Martin-Parras-1024x1024.jpg 1024w, https:\/\/dacc.diocesisgetafe.es\/wp-content\/uploads\/2025\/10\/cropped-Beatriz-Martin-Parras-150x150.jpg 150w, https:\/\/dacc.diocesisgetafe.es\/wp-content\/uploads\/2025\/10\/cropped-Beatriz-Martin-Parras-768x768.jpg 768w\" sizes=\"auto, (max-width: 1247px) 100vw, 1247px\" \/>\r\n                      <div class=\"h-image__frame h-hide-lg h-hide-md h-hide-sm style-2125-frameImage style-local-208-c14-frameImage\"><\/div>\r\n                    <\/div>\r\n                  <\/div>\r\n                <\/div>\r\n                <div data-colibri-id=\"208-c15\" class=\"h-global-transition-all h-heading style-2126 style-local-208-c15 position-relative h-element\">\r\n                  <!---->\r\n                  <div class=\"h-heading__outer style-2126 style-local-208-c15\">\r\n                    <!---->\r\n                    <!---->\r\n                    <h4 class=\"\">Beatriz\r\n                      <br>Mart\u00edn Parras<\/h4>\r\n                  <\/div>\r\n                <\/div>\r\n                <div data-colibri-id=\"208-c16\" class=\"h-text h-text-component style-2127 style-local-208-c16 position-relative h-element\">\r\n                  <!---->\r\n                  <!---->\r\n                  <div class=\"\">\r\n                    <p>\r\n                      <a href=\"mailto:primeranuncio@diocesisgetafe.es\" style=\"font-size: 88%;\">discipulado@diocesisgetafe.es<\/a>\r\n                    <\/p>\r\n                  <\/div>\r\n                <\/div>\r\n              <\/div>\r\n            <\/div>\r\n          <\/div>\r\n        <\/div>\r\n      <\/div>\r\n    <\/div>\r\n  <\/div>\r\n  <div data-colibri-component=\"section\" data-colibri-id=\"208-c20\" id=\"reusable-sections-2\" class=\"h-section h-section-global-spacing d-flex align-items-lg-center align-items-md-center align-items-center style-781 style-local-208-c20 position-relative\">\r\n    <!---->\r\n    <!---->\r\n    <div class=\"h-section-grid-container h-section-boxed-container\">\r\n      <!---->\r\n      <div data-colibri-id=\"208-c21\" class=\"h-row-container gutters-row-lg-2 gutters-row-md-2 gutters-row-2 gutters-row-v-lg-2 gutters-row-v-md-2 gutters-row-v-2 style-782 style-local-208-c21 position-relative\">\r\n        <!---->\r\n        <div class=\"h-row justify-content-lg-center justify-content-md-center justify-content-center align-items-lg-stretch align-items-md-stretch align-items-stretch gutters-col-lg-2 gutters-col-md-2 gutters-col-2 gutters-col-v-lg-2 gutters-col-v-md-2 gutters-col-v-2\">\r\n          <!---->\r\n          <div class=\"h-column h-column-container d-flex h-col-lg-auto h-col-md-auto h-col-auto style-783-outer style-local-208-c22-outer\">\r\n            <div data-colibri-id=\"208-c22\" class=\"d-flex h-flex-basis h-column__inner h-px-lg-0 h-px-md-0 h-px-0 v-inner-lg-0 v-inner-md-0 v-inner-0 style-783 style-local-208-c22 position-relative\">\r\n              <div class=\"background-wrapper\">\r\n                <div class=\"background-layer background-layer-media-container-lg\">\r\n                  <!---->\r\n                  <div class=\"overlay-layer\">\r\n                    <div class=\"overlay-image-layer\" style=\"background-color: rgb(255, 255, 255); opacity: 0.8;\"><\/div>\r\n                  <\/div>\r\n                <\/div>\r\n                <div class=\"background-layer background-layer-media-container-md\">\r\n                  <!---->\r\n                  <div class=\"overlay-layer\">\r\n                    <div class=\"overlay-image-layer\" style=\"background-color: rgb(255, 255, 255); opacity: 0.8;\"><\/div>\r\n                  <\/div>\r\n                <\/div>\r\n                <div class=\"background-layer background-layer-media-container\">\r\n                  <!---->\r\n                  <div class=\"overlay-layer\">\r\n                    <div class=\"overlay-image-layer\" style=\"background-color: rgb(255, 255, 255); opacity: 0.8;\"><\/div>\r\n                  <\/div>\r\n                <\/div>\r\n              <\/div>\r\n              <!---->\r\n              <div class=\"w-100 h-y-container h-column__content h-column__v-align flex-basis-100 align-self-lg-center align-self-md-center align-self-center\">\r\n                <!---->\r\n                <div data-colibri-id=\"208-c23\" class=\"h-global-transition-all h-heading style-784 style-local-208-c23 position-relative h-element\">\r\n                  <!---->\r\n                  <div class=\"h-heading__outer style-784 style-local-208-c23\">\r\n                    <!---->\r\n                    <!---->\r\n                    <h3 class=\"\">\u00bfTienes alguna <span style=\"color: rgb(246, 97, 66);\">pregunta<\/span><span style=\"color: rgba(254, 150, 55, 0.99);\"> <\/span>o <span style=\"color: rgb(246, 97, 66);\">sugerencia<\/span>?<\/h3>\r\n                  <\/div>\r\n                <\/div>\r\n                <div data-colibri-id=\"208-c24\" class=\"h-contact-form__outer--forminator style-785 style-local-208-c24 position-relative h-element\">\r\n                  <!---->\r\n                  <div class=\"h-global-transition-all h-global-transition h-global-transition-all h-contact-form-shortcode\"><div class=\"forminator-ui forminator-custom-form forminator-custom-form-1319 forminator-design--material  forminator_ajax\" data-forminator-render=\"0\" data-form=\"forminator-module-1319\" data-uid=\"69e047b8a56fd\"><br\/><\/div><form\n\t\t\t\tid=\"forminator-module-1319\"\n\t\t\t\tclass=\"forminator-ui forminator-custom-form forminator-custom-form-1319 forminator-design--material  forminator_ajax\"\n\t\t\t\tmethod=\"post\"\n\t\t\t\tdata-forminator-render=\"0\"\n\t\t\t\tdata-form-id=\"1319\"\n\t\t\t\t data-color-option=\"default\" data-design=\"material\" data-grid=\"open\" style=\"display: none;\"\n\t\t\t\tdata-uid=\"69e047b8a56fd\"\n\t\t\t><div role=\"alert\" aria-live=\"polite\" class=\"forminator-response-message forminator-error\" aria-hidden=\"true\"><\/div><div class=\"forminator-row\"><div id=\"name-1\" class=\"forminator-field-name forminator-col forminator-col-12 \"><div class=\"forminator-row forminator-no-margin\" data-multiple=\"true\"><div class=\"forminator-col forminator-col-md-6\"><div class=\"forminator-field\"><label for=\"forminator-field-first-name-1_69e047b8a56fd\" id=\"forminator-field-first-name-1_69e047b8a56fd-label\" class=\"forminator-label\">Nombre <span class=\"forminator-required\">*<\/span><\/label><input type=\"text\" name=\"name-1-first-name\" placeholder=\"Ejemplo: Juan\" id=\"forminator-field-first-name-1_69e047b8a56fd\" class=\"forminator-input\" aria-required=\"true\" data-multi=\"1\" autocomplete=\"given-name\" value=\"\" \/><\/div><\/div><div class=\"forminator-col forminator-col-md-6\"><div class=\"forminator-field\"><label for=\"forminator-field-last-name-1_69e047b8a56fd\" id=\"forminator-field-last-name-1_69e047b8a56fd-label\" class=\"forminator-label\">Apellidos <span class=\"forminator-required\">*<\/span><\/label><input type=\"text\" name=\"name-1-last-name\" placeholder=\"Ejemplo: P\u00e9rez\" id=\"forminator-field-last-name-1_69e047b8a56fd\" class=\"forminator-input\" aria-required=\"true\" data-multi=\"1\" autocomplete=\"family-name\" value=\"\" \/><\/div><\/div><\/div><\/div><\/div><div class=\"forminator-row\"><div id=\"email-1\" class=\"forminator-field-email forminator-col forminator-col-12 \"><div class=\"forminator-field\"><label for=\"forminator-field-email-1_69e047b8a56fd\" id=\"forminator-field-email-1_69e047b8a56fd-label\" class=\"forminator-label\">Correo electr\u00f3nico <span class=\"forminator-required\">*<\/span><\/label><input type=\"email\" name=\"email-1\" value=\"\" placeholder=\"Ej . : john@doe.com\" id=\"forminator-field-email-1_69e047b8a56fd\" class=\"forminator-input forminator-email--field\" data-required=\"true\" aria-required=\"true\" autocomplete=\"email\" \/><\/div><\/div><\/div><div class=\"forminator-row\"><div id=\"address-1\" class=\"forminator-field-address forminator-col forminator-col-12 \"><div class=\"forminator-row\" data-multiple=\"false\"><div id=\"address-1-city\" class=\"forminator-col forminator-col-12\"><div class=\"forminator-field\"><label for=\"forminator-field-address-1-city_69e047b8a56fd\" id=\"forminator-field-address-1-city_69e047b8a56fd-label\" class=\"forminator-label\">Ciudad<\/label><input type=\"text\" name=\"address-1-city\" placeholder=\"Ejemplo: Madrid\" id=\"forminator-field-address-1-city_69e047b8a56fd\" class=\"forminator-input\" data-required=\"\" aria-required=\"false\" autocomplete=\"address-level2\" value=\"\" \/><\/div><\/div><\/div><\/div><\/div><div class=\"forminator-row\"><div id=\"textarea-1\" class=\"forminator-field-textarea forminator-col forminator-col-12 \"><div class=\"forminator-field\"><label for=\"forminator-field-textarea-1_69e047b8a56fd\" id=\"forminator-field-textarea-1_69e047b8a56fd-label\" class=\"forminator-label\">\u00bfNecesitas algo de nosotros?<\/label><textarea name=\"textarea-1\" placeholder=\"Introduce tu mensaje...\" id=\"forminator-field-textarea-1_69e047b8a56fd\" class=\"forminator-textarea\" rows=\"6\" style=\"min-height:140px;\" maxlength=\"180\" ><\/textarea><span id=\"forminator-field-textarea-1_69e047b8a56fd-description\" class=\"forminator-description\"><span data-limit=\"180\" data-type=\"characters\" data-editor=\"\">0 \/ 180<\/span><\/span><\/div><\/div><\/div><input type=\"hidden\" name=\"referer_url\" value=\"\" \/><div class=\"forminator-row forminator-row-last\"><div class=\"forminator-col\"><div class=\"forminator-field\"><button class=\"forminator-button forminator-button-submit\"><span>Enviar mensaje<\/span><span aria-hidden=\"true\"><\/span><\/button><\/div><\/div><\/div><input type=\"hidden\" id=\"forminator_nonce\" name=\"forminator_nonce\" value=\"512ae16060\" \/><input type=\"hidden\" name=\"_wp_http_referer\" value=\"\/index.php\/wp-json\/wp\/v2\/pages\/208\" \/><input type=\"hidden\" name=\"form_id\" value=\"1319\"><input type=\"hidden\" name=\"page_id\" value=\"208\"><input type=\"hidden\" name=\"form_type\" value=\"default\"><input type=\"hidden\" name=\"current_url\" value=\"https:\/\/dacc.diocesisgetafe.es\/index.php\/discipulado\/\"><input type=\"hidden\" name=\"render_id\" value=\"0\"><input type=\"hidden\" name=\"action\" value=\"forminator_submit_form_custom-forms\"><\/form><\/div>\r\n                <\/div>\r\n              <\/div>\r\n            <\/div>\r\n          <\/div>\r\n        <\/div>\r\n      <\/div>\r\n    <\/div>\r\n  <\/div>\r\n<\/div>","protected":false},"excerpt":{"rendered":"<p>\u00c1rea de DISCIPULADOdelegaci\u00f3n de anuncio, Catecumenado y catequesis Est\u00e1 dirigido a todos aquellos que han recibido un primer anuncio y ahora quieren continuar el camino de la fe&nbsp; Responsable del \u00c1rea de Discipulado Beatriz Mart\u00edn Parras discipulado@diocesisgetafe.es \u00bfTienes alguna pregunta o sugerencia?<\/p>\n","protected":false},"author":2,"featured_media":277,"parent":0,"menu_order":0,"comment_status":"closed","ping_status":"closed","template":"page-templates\/full-width-page.php","meta":{"_bbp_topic_count":0,"_bbp_reply_count":0,"_bbp_total_topic_count":0,"_bbp_total_reply_count":0,"_bbp_voice_count":0,"_bbp_anonymous_reply_count":0,"_bbp_topic_count_hidden":0,"_bbp_reply_count_hidden":0,"_bbp_forum_subforum_count":0,"footnotes":""},"class_list":["post-208","page","type-page","status-publish","has-post-thumbnail","hentry"],"_links":{"self":[{"href":"https:\/\/dacc.diocesisgetafe.es\/index.php\/wp-json\/wp\/v2\/pages\/208","targetHints":{"allow":["GET"]}}],"collection":[{"href":"https:\/\/dacc.diocesisgetafe.es\/index.php\/wp-json\/wp\/v2\/pages"}],"about":[{"href":"https:\/\/dacc.diocesisgetafe.es\/index.php\/wp-json\/wp\/v2\/types\/page"}],"author":[{"embeddable":true,"href":"https:\/\/dacc.diocesisgetafe.es\/index.php\/wp-json\/wp\/v2\/users\/2"}],"replies":[{"embeddable":true,"href":"https:\/\/dacc.diocesisgetafe.es\/index.php\/wp-json\/wp\/v2\/comments?post=208"}],"version-history":[{"count":14,"href":"https:\/\/dacc.diocesisgetafe.es\/index.php\/wp-json\/wp\/v2\/pages\/208\/revisions"}],"predecessor-version":[{"id":5454,"href":"https:\/\/dacc.diocesisgetafe.es\/index.php\/wp-json\/wp\/v2\/pages\/208\/revisions\/5454"}],"wp:featuredmedia":[{"embeddable":true,"href":"https:\/\/dacc.diocesisgetafe.es\/index.php\/wp-json\/wp\/v2\/media\/277"}],"wp:attachment":[{"href":"https:\/\/dacc.diocesisgetafe.es\/index.php\/wp-json\/wp\/v2\/media?parent=208"}],"curies":[{"name":"wp","href":"https:\/\/api.w.org\/{rel}","templated":true}]}}