{"id":1941,"date":"2022-12-06T00:14:43","date_gmt":"2022-12-05T23:14:43","guid":{"rendered":"https:\/\/dacc.diocesisgetafe.es\/?page_id=1941"},"modified":"2022-12-08T17:53:00","modified_gmt":"2022-12-08T16:53:00","slug":"noticias","status":"publish","type":"page","link":"https:\/\/dacc.diocesisgetafe.es\/index.php\/noticias\/","title":{"rendered":"Noticias"},"content":{"rendered":"<div data-colibri-id=\"1941-c1\" class=\"style-1105 style-local-1941-c1 position-relative\">\n  <!---->\n  <div data-colibri-component=\"section\" data-colibri-id=\"1941-c2\" id=\"f-a-q\" class=\"h-section h-section-global-spacing d-flex align-items-lg-center align-items-md-center align-items-center style-1125 style-local-1941-c2 position-relative\">\n    <!---->\n    <!---->\n    <div class=\"h-section-grid-container h-section-boxed-container\">\n      <!---->\n      <div data-colibri-id=\"1941-c3\" class=\"h-row-container gutters-row-lg-3 gutters-row-md-3 gutters-row-2 gutters-row-v-lg-3 gutters-row-v-md-3 gutters-row-v-3 style-1126 style-local-1941-c3 position-relative\">\n        <!---->\n        <div class=\"h-row justify-content-lg-center justify-content-md-center justify-content-center align-items-lg-stretch align-items-md-stretch align-items-stretch gutters-col-lg-3 gutters-col-md-3 gutters-col-2 gutters-col-v-lg-3 gutters-col-v-md-3 gutters-col-v-3\">\n          <!---->\n          <div class=\"h-column h-column-container d-flex h-col-lg-12 h-col-md-12 h-col-12 style-1384-outer style-local-1941-c4-outer\">\n            <div data-colibri-id=\"1941-c4\" class=\"d-flex h-flex-basis h-column__inner h-px-lg-2 h-px-md-2 h-px-2 v-inner-lg-2 v-inner-md-2 v-inner-2 style-1384 style-local-1941-c4 position-relative\">\n              <!---->\n              <!---->\n              <div class=\"w-100 h-y-container h-column__content h-column__v-align flex-basis-100 align-self-lg-center align-self-md-center align-self-center\">\n                <!---->\n                <div data-colibri-id=\"1941-c5\" class=\"d-block style-1385 style-local-1941-c5 position-relative h-element\">\n                  <!---->\n                  <div class=\"h-image__frame-container-outer\">\n                    <div class=\"h-image__frame-container\">\n                      <!---->\n                      <!---->\n                      <img loading=\"lazy\" decoding=\"async\" width=\"2560\" height=\"1440\" src=\"https:\/\/dacc.diocesisgetafe.es\/wp-content\/uploads\/2022\/12\/FullSizeRender-7-scaled.jpg\" class=\"wp-image-1934 style-1385-image style-local-1941-c5-image\" alt=\"\" srcset=\"https:\/\/dacc.diocesisgetafe.es\/wp-content\/uploads\/2022\/12\/FullSizeRender-7-scaled.jpg 2560w, https:\/\/dacc.diocesisgetafe.es\/wp-content\/uploads\/2022\/12\/FullSizeRender-7-300x169.jpg 300w, https:\/\/dacc.diocesisgetafe.es\/wp-content\/uploads\/2022\/12\/FullSizeRender-7-1024x576.jpg 1024w, https:\/\/dacc.diocesisgetafe.es\/wp-content\/uploads\/2022\/12\/FullSizeRender-7-768x432.jpg 768w, https:\/\/dacc.diocesisgetafe.es\/wp-content\/uploads\/2022\/12\/FullSizeRender-7-1536x864.jpg 1536w, https:\/\/dacc.diocesisgetafe.es\/wp-content\/uploads\/2022\/12\/FullSizeRender-7-2048x1152.jpg 2048w\" sizes=\"auto, (max-width: 2560px) 100vw, 2560px\" \/>\n                      <div class=\"h-image__frame h-hide-lg h-hide-md h-hide-sm style-1385-frameImage style-local-1941-c5-frameImage\"><\/div>\n                    <\/div>\n                  <\/div>\n                <\/div>\n              <\/div>\n            <\/div>\n          <\/div>\n        <\/div>\n      <\/div>\n      <div data-colibri-id=\"1941-c6\" class=\"h-row-container gutters-row-lg-2 gutters-row-md-2 gutters-row-0 gutters-row-v-lg-2 gutters-row-v-md-2 gutters-row-v-2 style-1141 style-local-1941-c6 position-relative\">\n        <!---->\n        <div class=\"h-row justify-content-lg-center justify-content-md-center justify-content-center align-items-lg-stretch align-items-md-stretch align-items-stretch gutters-col-lg-2 gutters-col-md-2 gutters-col-0 gutters-col-v-lg-2 gutters-col-v-md-2 gutters-col-v-2\">\n          <!---->\n          <div class=\"h-column h-column-container d-flex h-col-lg-auto h-col-md-auto h-col-auto style-1142-outer style-local-1941-c7-outer\">\n            <div data-colibri-id=\"1941-c7\" class=\"d-flex h-flex-basis h-column__inner h-px-lg-2 h-px-md-2 h-px-2 v-inner-lg-2 v-inner-md-2 v-inner-2 style-1142 style-local-1941-c7 position-relative\">\n              <!---->\n              <!---->\n              <div class=\"w-100 h-y-container h-column__content h-column__v-align flex-basis-100 align-self-lg-start align-self-md-start align-self-start\">\n                <!---->\n                <div data-colibri-id=\"1941-c8\" class=\"h-text h-text-component style-1386 style-local-1941-c8 position-relative h-element\">\n                  <!---->\n                  <!---->\n                  <div class=\"\">\n                    <p><strong style=\"color: rgb(254, 150, 55); font-size: 163%; font-family: &quot;Playfair Display&quot;;\">Rito de entrada en el Catecumenado de ni\u00f1os y adolescentes sin bautizar en edad catequ\u00e9tica<\/strong><\/p>\n                    <p><span style=\"font-size: 120%;\">El domingo,&nbsp;<\/span><span style=\"font-weight: 600; font-size: 120%;\">27 de noviembre,<\/span><span style=\"font-size: 120%;\">&nbsp;se celebr\u00f3 el Rito de Admisi\u00f3n o Entrada al Catecumenado de ni\u00f1os y adolescentes en el Cerro de los \u00c1ngeles.&nbsp;<\/span><\/p>\n                    <p><span style=\"font-size: 120%;\">La celebraci\u00f3n lit\u00fargica fue presidida por el Vicario de Evangelizaci\u00f3n y Transmisi\u00f3n de la Fe, D. Jes\u00fas M. \u00dabeda Moreno y cont\u00f3 con el acompa\u00f1amiento musical de la delegada de Anuncio, Catequesis y Catecumenado, Mar\u00eda Barber. En ella participaron 27 \u201csimpatizantes\u201d de edades comprendidas entre 7 y 16 a\u00f1os, que llevan un tiempo recibiendo catequesis de Iniciaci\u00f3n cristiana en sus parroquias de la Di\u00f3cesis de Getafe.<\/span><\/p>\n                    <p><span style=\"font-size: 120%;\">Los infantes y adolescentes, acompa\u00f1ados por sus padres, familiares y amigos, fueron respondiendo en primera persona a las preguntas de nuestro vicario, con la frescura y naturalidad propia de los ni\u00f1os: \u201cquiero bautizarme\u201d \u201cquiero ser amigo de Jes\u00fas\u201d, quiero hacerme cristiano\u201d\u2026dando cuenta de que la fe en Cristo les otorga la vida eterna.&nbsp;<\/span><\/p>\n                    <p><span style=\"font-size: 120%;\">Una vez que obtuvieron el consentimiento de sus padres, que se comprometieron a ayudarles en la preparaci\u00f3n para su Bautismo, fueron signados por ellos, a las palabras del vicario, con la se\u00f1al de la cruz en los o\u00eddos, en los ojos, en la boca, en el pecho y en la espalda, como se\u00f1al de pertenencia a Cristo, que les ha llamado a ser sus amigos y les ofrece la se\u00f1al de su Amor.&nbsp;<\/span><\/p>\n                    <p><span style=\"font-size: 120%;\">Tras los ritos iniciales, los catec\u00famenos fueron invitados a ocupar su lugar en la Iglesia, en la que ya tienen su sitio reservado, para escuchar la Palabra de Dios. Como Abraham, nuestro Padre en la fe, fue fiel a Dios y como Santiago y Juan siguieron a Jes\u00fas tras escuchar sus palabras: \u201cVenid y ver\u00e9is\u201d, as\u00ed estos peque\u00f1os fueron invitados a ser fieles en su amistad con Jes\u00fas y a conocerle cada d\u00eda mejor tambi\u00e9n con la lectura de la Palabra de Dios, a trav\u00e9s de los santos Evangelios que les fueron entregados.&nbsp;<\/span><\/p>\n                    <p><span style=\"font-size: 120%;\">En un ambiente de inmensa alegr\u00eda, D. Jes\u00fas \u00dabeda consigui\u00f3 transmitir a estos infantes la ilusi\u00f3n por conocer y querer cada d\u00eda m\u00e1s a Jes\u00fas, que desea ser su Amigo y se ha entregado por Amor a cada uno de ellos. Saben que cuentan con nuestra oraci\u00f3n, para poder perseverar y cumplir un d\u00eda su deseo de hacerse perfectos cristianos.&nbsp;<\/span><\/p>\n                    <p><span style=\"font-size: 120%;\">Este es el primero de los Ritos de Admisi\u00f3n para ni\u00f1os y adolescentes que ha organizado la Delegaci\u00f3n de Anuncio, Catequesis y Catecumenado, de este curso, el pr\u00f3ximo ser\u00e1 en 14 de mayo de 2023.<\/span><\/p>\n                    <p>\n                      <br>\n                    <\/p>\n                  <\/div>\n                <\/div>\n              <\/div>\n            <\/div>\n          <\/div>\n        <\/div>\n      <\/div>\n    <\/div>\n  <\/div>\n<\/div>","protected":false},"excerpt":{"rendered":"<p>Rito de entrada en el Catecumenado de ni\u00f1os y adolescentes sin bautizar en edad catequ\u00e9tica El domingo,&nbsp;27 de noviembre,&nbsp;se celebr\u00f3 el Rito de Admisi\u00f3n o Entrada al Catecumenado de ni\u00f1os y adolescentes en el Cerro de los \u00c1ngeles.&nbsp; La celebraci\u00f3n lit\u00fargica fue presidida por el Vicario de Evangelizaci\u00f3n y Transmisi\u00f3n de la Fe, D. Jes\u00fas [&hellip;]<\/p>\n","protected":false},"author":2,"featured_media":0,"parent":0,"menu_order":0,"comment_status":"closed","ping_status":"closed","template":"page-templates\/full-width-page.php","meta":{"_bbp_topic_count":0,"_bbp_reply_count":0,"_bbp_total_topic_count":0,"_bbp_total_reply_count":0,"_bbp_voice_count":0,"_bbp_anonymous_reply_count":0,"_bbp_topic_count_hidden":0,"_bbp_reply_count_hidden":0,"_bbp_forum_subforum_count":0,"footnotes":""},"class_list":["post-1941","page","type-page","status-publish","hentry"],"_links":{"self":[{"href":"https:\/\/dacc.diocesisgetafe.es\/index.php\/wp-json\/wp\/v2\/pages\/1941","targetHints":{"allow":["GET"]}}],"collection":[{"href":"https:\/\/dacc.diocesisgetafe.es\/index.php\/wp-json\/wp\/v2\/pages"}],"about":[{"href":"https:\/\/dacc.diocesisgetafe.es\/index.php\/wp-json\/wp\/v2\/types\/page"}],"author":[{"embeddable":true,"href":"https:\/\/dacc.diocesisgetafe.es\/index.php\/wp-json\/wp\/v2\/users\/2"}],"replies":[{"embeddable":true,"href":"https:\/\/dacc.diocesisgetafe.es\/index.php\/wp-json\/wp\/v2\/comments?post=1941"}],"version-history":[{"count":7,"href":"https:\/\/dacc.diocesisgetafe.es\/index.php\/wp-json\/wp\/v2\/pages\/1941\/revisions"}],"predecessor-version":[{"id":2380,"href":"https:\/\/dacc.diocesisgetafe.es\/index.php\/wp-json\/wp\/v2\/pages\/1941\/revisions\/2380"}],"wp:attachment":[{"href":"https:\/\/dacc.diocesisgetafe.es\/index.php\/wp-json\/wp\/v2\/media?parent=1941"}],"curies":[{"name":"wp","href":"https:\/\/api.w.org\/{rel}","templated":true}]}}